{"id":96607,"date":"2021-01-26T15:22:49","date_gmt":"2021-01-26T14:22:49","guid":{"rendered":"https:\/\/www.avacecolours.com\/fr\/?post_type=product&#038;p=96607"},"modified":"2021-02-08T22:29:53","modified_gmt":"2021-02-08T21:29:53","slug":"nuancier-ral-classic-k5","status":"publish","type":"product","link":"https:\/\/www.avacecolours.com\/fr\/product\/nuancier-ral-classic-k5\/","title":{"rendered":"Nuancier RAL Classic K5"},"content":{"rendered":"<p>Le syst\u00e8me RAL Classic est un syst\u00e8me de couleurs mondial \u00e9tabli utilis\u00e9 par les architectes, les concepteurs et les r\u00e9dacteurs de cahier des charges. C&#8217;est le syst\u00e8me de couleurs de base pour les fabrications architecturales en aluminium et en acier. Il comprend 213 couleurs unies, dont 6 fluorescentes et 15 m\u00e9talliques nacr\u00e9es. L&#8217;\u00e9ventail de couleurs mesure 150 x 50 mm et affiche une couleur par page en finition brillante ou semi-mate. Livraison sous 7 jours ouvrables.<\/p>\n","protected":false},"excerpt":{"rendered":"<p>Le syst\u00e8me RAL Classic est un syst\u00e8me de couleurs mondial \u00e9tabli utilis\u00e9 par les architectes, les concepteurs et les r\u00e9dacteurs de cahier des charges. 59,30 Euro.<\/p>\n","protected":false},"featured_media":96608,"template":"","meta":{"_acf_changed":false},"product_cat":[142],"product_tag":[],"class_list":{"0":"post-96607","1":"product","2":"type-product","3":"status-publish","4":"has-post-thumbnail","6":"product_cat-colour-swatch-books","8":"first","9":"instock","10":"taxable","11":"shipping-taxable","12":"purchasable","13":"product-type-simple"},"acf":[],"tiered_pricing_type":"fixed","tiered_pricing_fixed_rules":[],"tiered_pricing_percentage_rules":[],"tiered_pricing_minimum":1,"tiered_pricing_roles_data":[],"_links":{"self":[{"href":"https:\/\/www.avacecolours.com\/fr\/wp-json\/wp\/v2\/product\/96607","targetHints":{"allow":["GET"]}}],"collection":[{"href":"https:\/\/www.avacecolours.com\/fr\/wp-json\/wp\/v2\/product"}],"about":[{"href":"https:\/\/www.avacecolours.com\/fr\/wp-json\/wp\/v2\/types\/product"}],"wp:featuredmedia":[{"embeddable":true,"href":"https:\/\/www.avacecolours.com\/fr\/wp-json\/wp\/v2\/media\/96608"}],"wp:attachment":[{"href":"https:\/\/www.avacecolours.com\/fr\/wp-json\/wp\/v2\/media?parent=96607"}],"wp:term":[{"taxonomy":"product_cat","embeddable":true,"href":"https:\/\/www.avacecolours.com\/fr\/wp-json\/wp\/v2\/product_cat?post=96607"},{"taxonomy":"product_tag","embeddable":true,"href":"https:\/\/www.avacecolours.com\/fr\/wp-json\/wp\/v2\/product_tag?post=96607"}],"curies":[{"name":"wp","href":"https:\/\/api.w.org\/{rel}","templated":true}]}}