{"id":76067,"date":"2021-02-19T11:12:39","date_gmt":"2021-02-19T10:12:39","guid":{"rendered":"https:\/\/www.avacecolours.com\/es\/?post_type=product&#038;p=76067"},"modified":"2021-02-23T11:10:38","modified_gmt":"2021-02-23T10:10:38","slug":"abanico-de-color-d2-ral-design","status":"publish","type":"product","link":"https:\/\/www.avacecolours.com\/es\/product\/abanico-de-color-d2-ral-design\/","title":{"rendered":"Abanico de color D2 RAL Design"},"content":{"rendered":"<p>El sistema de RAL DESIGN se ha desarrollado principalmente para arquitectos, dise\u00f1adores y agencias de publicidad. Con sus tonalidades de color ordenadas met\u00f3dicamente, se dice que el sistema es el instrumento perfecto para el dise\u00f1o de color individual.<br \/>\nIncluye 1625 colores; el abanico de colores es de 290 x 50 mm, y muestra 9 colores por p\u00e1gina en un acabado semi mate. Entrega en 9 d\u00edas h\u00e1biles.<\/p>\n","protected":false},"excerpt":{"rendered":"<p>El sistema de RAL DESIGN se ha desarrollado principalmente para arquitectos, dise\u00f1adores y agencias de publicidad.<\/p>\n","protected":false},"featured_media":76068,"template":"","meta":{"_acf_changed":false},"product_cat":[33],"product_tag":[],"class_list":{"0":"post-76067","1":"product","2":"type-product","3":"status-publish","4":"has-post-thumbnail","6":"product_cat-colour-books","8":"first","9":"instock","10":"taxable","11":"shipping-taxable","12":"purchasable","13":"product-type-simple"},"acf":[],"tiered_pricing_type":"fixed","tiered_pricing_fixed_rules":[],"tiered_pricing_percentage_rules":[],"tiered_pricing_minimum":1,"tiered_pricing_roles_data":[],"_links":{"self":[{"href":"https:\/\/www.avacecolours.com\/es\/wp-json\/wp\/v2\/product\/76067","targetHints":{"allow":["GET"]}}],"collection":[{"href":"https:\/\/www.avacecolours.com\/es\/wp-json\/wp\/v2\/product"}],"about":[{"href":"https:\/\/www.avacecolours.com\/es\/wp-json\/wp\/v2\/types\/product"}],"wp:featuredmedia":[{"embeddable":true,"href":"https:\/\/www.avacecolours.com\/es\/wp-json\/wp\/v2\/media\/76068"}],"wp:attachment":[{"href":"https:\/\/www.avacecolours.com\/es\/wp-json\/wp\/v2\/media?parent=76067"}],"wp:term":[{"taxonomy":"product_cat","embeddable":true,"href":"https:\/\/www.avacecolours.com\/es\/wp-json\/wp\/v2\/product_cat?post=76067"},{"taxonomy":"product_tag","embeddable":true,"href":"https:\/\/www.avacecolours.com\/es\/wp-json\/wp\/v2\/product_tag?post=76067"}],"curies":[{"name":"wp","href":"https:\/\/api.w.org\/{rel}","templated":true}]}}