{"id":76065,"date":"2021-02-19T11:10:15","date_gmt":"2021-02-19T10:10:15","guid":{"rendered":"https:\/\/www.avacecolours.com\/es\/?post_type=product&#038;p=76065"},"modified":"2021-02-23T11:09:36","modified_gmt":"2021-02-23T10:09:36","slug":"abanico-de-color-pantone","status":"publish","type":"product","link":"https:\/\/www.avacecolours.com\/es\/product\/abanico-de-color-pantone\/","title":{"rendered":"Abanico de color PANTONE"},"content":{"rendered":"<p>Pantone es la referencia de color que se utiliza a nivel mundial para especificaciones inspiradoras, dise\u00f1o gr\u00e1fico y digital. Es un lenguaje de color internacional fiable que se utiliza para el dise\u00f1o arquitect\u00f3nico, signos gr\u00e1ficos, im\u00e1genes corporativas, branding minorista y otras industrias asociadas.<\/p>\n<p>El paquete de colores Pantone contiene dos abanicos de color, las gamas recubiertas y no recubiertas. Ambos muestran 1867 colores. Cada abanico de color es de 240 x 40 mm, y muestra 7 colores por p\u00e1gina. Entrega en 9 d\u00edas h\u00e1biles.<\/p>\n","protected":false},"excerpt":{"rendered":"<p>Pantone es la referencia de color que se utiliza a nivel mundial para especificaciones inspiradoras, dise\u00f1o gr\u00e1fico y digital.<\/p>\n","protected":false},"featured_media":76066,"template":"","meta":{"_acf_changed":false},"product_cat":[33],"product_tag":[],"class_list":{"0":"post-76065","1":"product","2":"type-product","3":"status-publish","4":"has-post-thumbnail","6":"product_cat-colour-books","8":"first","9":"instock","10":"taxable","11":"shipping-taxable","12":"purchasable","13":"product-type-simple"},"acf":[],"tiered_pricing_type":"fixed","tiered_pricing_fixed_rules":[],"tiered_pricing_percentage_rules":[],"tiered_pricing_minimum":1,"tiered_pricing_roles_data":[],"_links":{"self":[{"href":"https:\/\/www.avacecolours.com\/es\/wp-json\/wp\/v2\/product\/76065","targetHints":{"allow":["GET"]}}],"collection":[{"href":"https:\/\/www.avacecolours.com\/es\/wp-json\/wp\/v2\/product"}],"about":[{"href":"https:\/\/www.avacecolours.com\/es\/wp-json\/wp\/v2\/types\/product"}],"wp:featuredmedia":[{"embeddable":true,"href":"https:\/\/www.avacecolours.com\/es\/wp-json\/wp\/v2\/media\/76066"}],"wp:attachment":[{"href":"https:\/\/www.avacecolours.com\/es\/wp-json\/wp\/v2\/media?parent=76065"}],"wp:term":[{"taxonomy":"product_cat","embeddable":true,"href":"https:\/\/www.avacecolours.com\/es\/wp-json\/wp\/v2\/product_cat?post=76065"},{"taxonomy":"product_tag","embeddable":true,"href":"https:\/\/www.avacecolours.com\/es\/wp-json\/wp\/v2\/product_tag?post=76065"}],"curies":[{"name":"wp","href":"https:\/\/api.w.org\/{rel}","templated":true}]}}