{"id":32865,"date":"2020-11-25T13:29:30","date_gmt":"2020-11-25T13:29:30","guid":{"rendered":"https:\/\/www.avacecolours.com\/fr\/?page_id=32865"},"modified":"2023-05-18T15:12:27","modified_gmt":"2023-05-18T13:12:27","slug":"home-page","status":"publish","type":"page","link":"https:\/\/www.avacecolours.com\/es\/","title":{"rendered":"Home Page"},"content":{"rendered":"\r\n\r\n\t<h1>Recubrimientos Arquitect\u00f3nicos en polvo de poli\u00e9ster<\/h1>, color fabricado e igualado a todos los colores RAL Design, NCS y Pantone.\r\nLa cantidad m\u00ednima de pedido es de 20 kg; fabricado en 7 d\u00edas h\u00e1biles.*\r\n\r\n\t<p><a title=\"About Avace\" href=\"\/es\/about-us\/\">Haga clic aqu\u00ed para leer acerca de AVACE<\/a><\/p>\r\n<p>*El tiempo de entrega depender\u00e1 de FedEx y tr\u00e1mites en aduana. Solo env\u00edos a Espa\u00f1a y Portugal<\/p>\r\n\t\t\t\t<a href=\"\/es\/product-category\/ral-design\/\" target=\"_self\" rel=\"noopener\">\r\n\t\t\t\t<img decoding=\"async\" src=\"https:\/\/www.avacecolours.com\/es\/wp-content\/uploads\/sites\/4\/2021\/02\/ral-design2021.png\" alt=\"Ral Design2021\" height=\"424\" width=\"400\" title=\"Ral Design2021\" \/>\r\n\t\t\t\t<\/a>\r\n\t\t\t\t<a href=\"\/es\/product-category\/ncs-1950\/\" target=\"_self\" rel=\"noopener\">\r\n\t\t\t\t<img decoding=\"async\" src=\"https:\/\/www.avacecolours.com\/es\/wp-content\/uploads\/sites\/4\/2021\/02\/ncs-2021.png\" alt=\"Ncs 2021\" height=\"424\" width=\"400\" title=\"Ncs 2021\" \/>\r\n\t\t\t\t<\/a>\r\n\t\t\t\t<a href=\"\/es\/product-category\/pantone\/\" target=\"_self\" rel=\"noopener\">\r\n\t\t\t\t<img decoding=\"async\" src=\"https:\/\/www.avacecolours.com\/es\/wp-content\/uploads\/sites\/4\/2021\/02\/pantone-2021.png\" alt=\"Pantone 2021\" height=\"424\" width=\"400\" title=\"Pantone 2021\" \/>\r\n\t\t\t\t<\/a>\r\n\t\t\t\t<a href=\"\/es\/product-category\/ral-classic\/\" target=\"_self\" rel=\"noopener\">\r\n\t\t\t\t<img decoding=\"async\" src=\"https:\/\/www.avacecolours.com\/es\/wp-content\/uploads\/sites\/4\/2021\/02\/ral-classic-2021a.png\" alt=\"Ral Classic 2021a\" height=\"424\" width=\"400\" title=\"Ral Classic 2021a\" \/>\r\n\t\t\t\t<\/a>\r\n\t<p><strong>Selecci\u00f3n ilimitada de colores.<\/strong><\/p>\r\n\t<ul>\r\n\t\t\t<li>\r\n\t\t\t\tM\u00e1s de 5000 colores en polvo para aplicaciones Arquitect\u00f3nicas en nuestra biblioteca de colores en l\u00ednea.\r\n\t\t\t<\/li>\r\n\t\t\t<li>\r\n\t\t\t\tTodos los colores de RAL Design, NCS y Pantone se hacen por encargo en todos los niveles de brillo.\r\n\t\t\t<\/li>\r\n\t\t\t<li>\r\n\t\t\t\tTodos los colores RAL Classic est\u00e1n disponibles en poli\u00e9ster Arquitect\u00f3nico con acabado brillante, semibrillante y mate.\r\n\t\t\t<\/li>\r\n\t\t\t<li>\r\n\t\t\t\tLa cantidad m\u00ednima de pedido es de 20 kg color igualado, fabricado; entregado en aproximadamente en 15 d\u00edas.\r\n\t\t\t<\/li>\r\n\t\t\t<li>\r\n\t\t\t\tHaga clic en el color para obtener informaci\u00f3n t\u00e9cnica y precios. \r\n\t\t\t<\/li>\r\n\t\t\t<li>\r\n\t\t\t\tSe aceptan pagos BACS y todas las principales tarjetas de cr\u00e9dito. \r\n\t\t\t<\/li>\r\n\t\t<\/ul>\r\n\t<p>Otros colores como Dulux y Farrow &amp; Ball, que no se muestran en la biblioteca de colores, se pueden hacer por encargo en cualquier tipo de acabado en polvo. Si su color no aparece en la lista, env\u00ede su consulta por correo electr\u00f3nico a <a href=\"mailto:sales@avacecolours.com\">sales@avacecolours.com<\/a>.<\/p>\r\n\r\n","protected":false},"excerpt":{"rendered":"<p>Recubrimientos Arquitect\u00f3nicos en polvo de poli\u00e9ster , color fabricado e igualado a todos los colores RAL Design, NCS y Pantone. La cantidad m\u00ednima de pedido es de 20 kg; fabricado en 7 d\u00edas h\u00e1biles.* Haga clic aqu\u00ed para leer acerca de AVACE *El tiempo de entrega depender\u00e1 de FedEx y tr\u00e1mites en aduana. Solo env\u00edos&hellip;<\/p>\n","protected":false},"author":1,"featured_media":0,"parent":0,"menu_order":1,"comment_status":"closed","ping_status":"closed","template":"","meta":{"_acf_changed":false,"footnotes":""},"page_categories":[],"class_list":["post-32865","page","type-page","status-publish","hentry"],"acf":[],"_links":{"self":[{"href":"https:\/\/www.avacecolours.com\/es\/wp-json\/wp\/v2\/pages\/32865","targetHints":{"allow":["GET"]}}],"collection":[{"href":"https:\/\/www.avacecolours.com\/es\/wp-json\/wp\/v2\/pages"}],"about":[{"href":"https:\/\/www.avacecolours.com\/es\/wp-json\/wp\/v2\/types\/page"}],"author":[{"embeddable":true,"href":"https:\/\/www.avacecolours.com\/es\/wp-json\/wp\/v2\/users\/1"}],"replies":[{"embeddable":true,"href":"https:\/\/www.avacecolours.com\/es\/wp-json\/wp\/v2\/comments?post=32865"}],"version-history":[{"count":6,"href":"https:\/\/www.avacecolours.com\/es\/wp-json\/wp\/v2\/pages\/32865\/revisions"}],"predecessor-version":[{"id":100425,"href":"https:\/\/www.avacecolours.com\/es\/wp-json\/wp\/v2\/pages\/32865\/revisions\/100425"}],"wp:attachment":[{"href":"https:\/\/www.avacecolours.com\/es\/wp-json\/wp\/v2\/media?parent=32865"}],"wp:term":[{"taxonomy":"page_categories","embeddable":true,"href":"https:\/\/www.avacecolours.com\/es\/wp-json\/wp\/v2\/page_categories?post=32865"}],"curies":[{"name":"wp","href":"https:\/\/api.w.org\/{rel}","templated":true}]}}